{"id":3574,"date":"2024-02-29T05:09:17","date_gmt":"2024-02-29T05:09:17","guid":{"rendered":"https:\/\/www.pigisland.tours\/excursion\/bateau-prive-a-longue-queue-koh-madsum-et-koh-tan\/"},"modified":"2025-05-12T08:57:20","modified_gmt":"2025-05-12T08:57:20","slug":"bateau-prive-a-longue-queue-koh-madsum-et-koh-tan","status":"publish","type":"product","link":"https:\/\/www.pigisland.tours\/fr\/excursion\/bateau-prive-a-longue-queue-koh-madsum-et-koh-tan\/","title":{"rendered":"Excursion en bateau priv\u00e9 \u00e0 Koh Matsum et Koh Tean"},"content":{"rendered":"<p>Embarquez pour une excursion<strong> sur l&rsquo;\u00eele aux cochons<\/strong> \u00e0 bord d&rsquo;un <strong>bateau traditionnel priv\u00e9<\/strong> \u00e0 la decouverte de deux \u00eeles paradisiaques Koh Madsum et Koh Tan. D\u00e9couvrez la plage des cochons, des spots de plong\u00e9e avec masque tuba regorgeant de poissons tropicaux dans des eaux bleu turquoises. Choisissez l&rsquo;heure de votre excursion, <strong>matin ou apr\u00e8s-midi<\/strong> pour cette <strong>excursion priv\u00e9e<\/strong>.<\/p>\n","protected":false},"excerpt":{"rendered":"<p>Embarquez pour une excursion sur l&rsquo;\u00eele aux cochons \u00e0 bord d&rsquo;un bateau traditionnel priv\u00e9 \u00e0 la decouverte de deux \u00eeles paradisiaques Koh Madsum et Koh Tan. D\u00e9couvrez la plage des cochons, des spots de plong\u00e9e avec masque tuba regorgeant de poissons tropicaux dans des eaux bleu turquoises. Choisissez l&rsquo;heure de votre excursion, matin ou apr\u00e8s-midi [&hellip;]<\/p>\n","protected":false},"featured_media":2163,"comment_status":"open","ping_status":"closed","template":"","meta":[],"product_brand":[],"product_cat":[77],"product_tag":[],"class_list":{"0":"post-3574","1":"product","2":"type-product","3":"status-publish","4":"has-post-thumbnail","6":"product_cat-excursion-privee","8":"first","9":"instock","10":"featured","11":"shipping-taxable","12":"purchasable","13":"product-type-simple"},"_links":{"self":[{"href":"https:\/\/www.pigisland.tours\/fr\/wp-json\/wp\/v2\/product\/3574","targetHints":{"allow":["GET"]}}],"collection":[{"href":"https:\/\/www.pigisland.tours\/fr\/wp-json\/wp\/v2\/product"}],"about":[{"href":"https:\/\/www.pigisland.tours\/fr\/wp-json\/wp\/v2\/types\/product"}],"replies":[{"embeddable":true,"href":"https:\/\/www.pigisland.tours\/fr\/wp-json\/wp\/v2\/comments?post=3574"}],"version-history":[{"count":5,"href":"https:\/\/www.pigisland.tours\/fr\/wp-json\/wp\/v2\/product\/3574\/revisions"}],"predecessor-version":[{"id":3629,"href":"https:\/\/www.pigisland.tours\/fr\/wp-json\/wp\/v2\/product\/3574\/revisions\/3629"}],"wp:featuredmedia":[{"embeddable":true,"href":"https:\/\/www.pigisland.tours\/fr\/wp-json\/wp\/v2\/media\/2163"}],"wp:attachment":[{"href":"https:\/\/www.pigisland.tours\/fr\/wp-json\/wp\/v2\/media?parent=3574"}],"wp:term":[{"taxonomy":"product_brand","embeddable":true,"href":"https:\/\/www.pigisland.tours\/fr\/wp-json\/wp\/v2\/product_brand?post=3574"},{"taxonomy":"product_cat","embeddable":true,"href":"https:\/\/www.pigisland.tours\/fr\/wp-json\/wp\/v2\/product_cat?post=3574"},{"taxonomy":"product_tag","embeddable":true,"href":"https:\/\/www.pigisland.tours\/fr\/wp-json\/wp\/v2\/product_tag?post=3574"}],"curies":[{"name":"wp","href":"https:\/\/api.w.org\/{rel}","templated":true}]}}