{"id":3571,"date":"2024-02-29T08:03:37","date_gmt":"2024-02-29T08:03:37","guid":{"rendered":"https:\/\/www.pigisland.tours\/excursion\/excursion-au-coucher-du-soleil-a-koh-tan-et-koh-madsum\/"},"modified":"2026-03-01T07:55:46","modified_gmt":"2026-03-01T07:55:46","slug":"excursion-au-coucher-du-soleil-a-koh-tan-et-koh-madsum","status":"publish","type":"product","link":"https:\/\/www.pigisland.tours\/fr\/excursion\/excursion-au-coucher-du-soleil-a-koh-tan-et-koh-madsum\/","title":{"rendered":"Excursion coucher de soleil \u00e0 Koh Tan et Koh Madsum"},"content":{"rendered":"<p>D\u00e9couvrez notre populaire <strong>excursion coucher de soleil sur l&rsquo;\u00eele aux cochons<\/strong>, qui comprend la visites de la <strong>plage aux cochons<\/strong>, de <strong>Koh Mudsum et de Koh Tan.<\/strong> Ces \u00eeles isol\u00e9es, d\u00e9pourvu d&rsquo;eau courante et d&rsquo;\u00e9lectricit\u00e9, vous promettent une excursion inoubliable. En plus de la <strong>plong\u00e9e avec masque et tuba<\/strong>, vous pourrez rencontrer les adorables cochons de Koh Matsum et assister \u00e0 un <strong>magnifique coucher de soleil lors de votre retour \u00e0 Koh Samui<\/strong>. Terminez votre journ\u00e9e par un d\u00e9licieux d\u00eener dans un restaurant en bord de mer. Partez \u00e0 l&rsquo;aventure direction Pig Island !<\/p>\n","protected":false},"excerpt":{"rendered":"<p>D\u00e9couvrez notre populaire excursion coucher de soleil sur l&rsquo;\u00eele aux cochons, qui comprend la visites de la plage aux cochons, de Koh Mudsum et de Koh Tan. Ces \u00eeles isol\u00e9es, d\u00e9pourvu d&rsquo;eau courante et d&rsquo;\u00e9lectricit\u00e9, vous promettent une excursion inoubliable. En plus de la plong\u00e9e avec masque et tuba, vous pourrez rencontrer les adorables cochons [&hellip;]<\/p>\n","protected":false},"featured_media":1998,"comment_status":"open","ping_status":"closed","template":"","meta":[],"product_brand":[],"product_cat":[76],"product_tag":[],"class_list":{"0":"post-3571","1":"product","2":"type-product","3":"status-publish","4":"has-post-thumbnail","6":"product_cat-excursion-en-groupe","8":"first","9":"instock","10":"shipping-taxable","11":"purchasable","12":"product-type-simple"},"_links":{"self":[{"href":"https:\/\/www.pigisland.tours\/fr\/wp-json\/wp\/v2\/product\/3571","targetHints":{"allow":["GET"]}}],"collection":[{"href":"https:\/\/www.pigisland.tours\/fr\/wp-json\/wp\/v2\/product"}],"about":[{"href":"https:\/\/www.pigisland.tours\/fr\/wp-json\/wp\/v2\/types\/product"}],"replies":[{"embeddable":true,"href":"https:\/\/www.pigisland.tours\/fr\/wp-json\/wp\/v2\/comments?post=3571"}],"version-history":[{"count":2,"href":"https:\/\/www.pigisland.tours\/fr\/wp-json\/wp\/v2\/product\/3571\/revisions"}],"predecessor-version":[{"id":3611,"href":"https:\/\/www.pigisland.tours\/fr\/wp-json\/wp\/v2\/product\/3571\/revisions\/3611"}],"wp:featuredmedia":[{"embeddable":true,"href":"https:\/\/www.pigisland.tours\/fr\/wp-json\/wp\/v2\/media\/1998"}],"wp:attachment":[{"href":"https:\/\/www.pigisland.tours\/fr\/wp-json\/wp\/v2\/media?parent=3571"}],"wp:term":[{"taxonomy":"product_brand","embeddable":true,"href":"https:\/\/www.pigisland.tours\/fr\/wp-json\/wp\/v2\/product_brand?post=3571"},{"taxonomy":"product_cat","embeddable":true,"href":"https:\/\/www.pigisland.tours\/fr\/wp-json\/wp\/v2\/product_cat?post=3571"},{"taxonomy":"product_tag","embeddable":true,"href":"https:\/\/www.pigisland.tours\/fr\/wp-json\/wp\/v2\/product_tag?post=3571"}],"curies":[{"name":"wp","href":"https:\/\/api.w.org\/{rel}","templated":true}]}}