{"id":3570,"date":"2024-02-29T08:34:09","date_gmt":"2024-02-29T08:34:09","guid":{"rendered":"https:\/\/www.pigisland.tours\/excursion\/excursion-en-bateau-vip-longtail-a-koh-tan-et-koh-madsum\/"},"modified":"2026-03-01T07:55:37","modified_gmt":"2026-03-01T07:55:37","slug":"excursion-en-bateau-vip-longtail-a-koh-tan-et-koh-madsum","status":"publish","type":"product","link":"https:\/\/www.pigisland.tours\/fr\/excursion\/excursion-en-bateau-vip-longtail-a-koh-tan-et-koh-madsum\/","title":{"rendered":"Excursion en bateau VIP sur l&rsquo;\u00eele aux cochon"},"content":{"rendered":"<div class=\"flex max-w-full flex-col grow\">\n<div class=\"min-h-8 text-message relative flex w-full flex-col items-end gap-2 text-start break-words whitespace-normal [.text-message+&amp;]:mt-5\" dir=\"auto\" data-message-author-role=\"assistant\" data-message-id=\"f944e39d-c994-4853-b4a8-bbb5969e2c56\" data-message-model-slug=\"o3\">\n<div class=\"flex w-full flex-col gap-1 empty:hidden first:pt-[3px]\">\n<div class=\"markdown prose dark:prose-invert w-full break-words light\">\n<p class=\"\" data-start=\"0\" data-end=\"494\">Partez pour une excursion VIP inoubliable d\u2019une <strong>demi\u2011journ\u00e9e<\/strong> en bateau et vers la spectaculaire<strong> \u00eele aux cochons<\/strong>, et cr\u00e9ez des souvenirs imp\u00e9rissables\u202f! En petit comit\u00e9 <strong>(maximum 12 personnes)<\/strong>, vous sillonnerez les plus beaux recoins de l\u2019\u00eele \u00e0 bord d\u2019un bateau traditionnel (bateau a longue queue)<strong>.<\/strong> Profitez des eaux cristallines, d\u2019un d\u00e9licieux d\u00e9jeuner les pieds dans le sable\u2026 et ne manquez pas la rencontre avec les adorables cochons qui gambadent sur la plage pour une exp\u00e9rience vraiment unique\u202f!<\/p>\n<\/div>\n<\/div>\n<\/div>\n<\/div>\n","protected":false},"excerpt":{"rendered":"<p>Partez pour une excursion VIP inoubliable d\u2019une demi\u2011journ\u00e9e en bateau et vers la spectaculaire \u00eele aux cochons, et cr\u00e9ez des souvenirs imp\u00e9rissables\u202f! En petit comit\u00e9 (maximum 12 personnes), vous sillonnerez les plus beaux recoins de l\u2019\u00eele \u00e0 bord d\u2019un bateau traditionnel (bateau a longue queue). Profitez des eaux cristallines, d\u2019un d\u00e9licieux d\u00e9jeuner les pieds dans [&hellip;]<\/p>\n","protected":false},"featured_media":2518,"comment_status":"open","ping_status":"closed","template":"","meta":[],"product_brand":[],"product_cat":[76],"product_tag":[],"class_list":{"0":"post-3570","1":"product","2":"type-product","3":"status-publish","4":"has-post-thumbnail","6":"product_cat-excursion-en-groupe","8":"first","9":"instock","10":"featured","11":"shipping-taxable","12":"purchasable","13":"product-type-simple"},"_links":{"self":[{"href":"https:\/\/www.pigisland.tours\/fr\/wp-json\/wp\/v2\/product\/3570","targetHints":{"allow":["GET"]}}],"collection":[{"href":"https:\/\/www.pigisland.tours\/fr\/wp-json\/wp\/v2\/product"}],"about":[{"href":"https:\/\/www.pigisland.tours\/fr\/wp-json\/wp\/v2\/types\/product"}],"replies":[{"embeddable":true,"href":"https:\/\/www.pigisland.tours\/fr\/wp-json\/wp\/v2\/comments?post=3570"}],"version-history":[{"count":4,"href":"https:\/\/www.pigisland.tours\/fr\/wp-json\/wp\/v2\/product\/3570\/revisions"}],"predecessor-version":[{"id":3627,"href":"https:\/\/www.pigisland.tours\/fr\/wp-json\/wp\/v2\/product\/3570\/revisions\/3627"}],"wp:featuredmedia":[{"embeddable":true,"href":"https:\/\/www.pigisland.tours\/fr\/wp-json\/wp\/v2\/media\/2518"}],"wp:attachment":[{"href":"https:\/\/www.pigisland.tours\/fr\/wp-json\/wp\/v2\/media?parent=3570"}],"wp:term":[{"taxonomy":"product_brand","embeddable":true,"href":"https:\/\/www.pigisland.tours\/fr\/wp-json\/wp\/v2\/product_brand?post=3570"},{"taxonomy":"product_cat","embeddable":true,"href":"https:\/\/www.pigisland.tours\/fr\/wp-json\/wp\/v2\/product_cat?post=3570"},{"taxonomy":"product_tag","embeddable":true,"href":"https:\/\/www.pigisland.tours\/fr\/wp-json\/wp\/v2\/product_tag?post=3570"}],"curies":[{"name":"wp","href":"https:\/\/api.w.org\/{rel}","templated":true}]}}