{"id":3567,"date":"2024-02-29T05:43:03","date_gmt":"2024-02-29T05:43:03","guid":{"rendered":"https:\/\/www.pigisland.tours\/excursion\/excursion-en-bateau-rapide-a-koh-tan-et-koh-madsum\/"},"modified":"2025-05-12T08:59:42","modified_gmt":"2025-05-12T08:59:42","slug":"excursion-en-bateau-rapide-a-koh-tan-et-koh-madsum","status":"publish","type":"product","link":"https:\/\/www.pigisland.tours\/fr\/excursion\/excursion-en-bateau-rapide-a-koh-tan-et-koh-madsum\/","title":{"rendered":"Excursion en bateau (speedboat) \u00e0 Koh Tan et Koh Madsum"},"content":{"rendered":"<p>Vivez une aventure inoubliable avec notre <strong>excursion en bateau (Speedboat) sur l&rsquo;\u00eele aux cochons<\/strong>. On vous emm\u00e8ne \u00e0 <strong>Koh Mudsum et Koh Tan<\/strong>, o\u00f9 vous d\u00e9couvrirez des \u00eeles paradisiaques inhabit\u00e9es. Profitez de la plong\u00e9e avec masque et tuba, balade en kayak et d&rsquo;un d\u00e9licieux d\u00e9jeuner. Le moment phare de cette excursion est la visite de<strong> la plage des cochons de Koh Mudsum<\/strong>, o\u00f9 vous rencontrerez les c\u00e9l\u00e8bres <strong>cochons nageurs<\/strong>. Pr\u00e9parez-vous \u00e0 vivre une exp\u00e9rience inoubliable !<\/p>\n","protected":false},"excerpt":{"rendered":"<p>Vivez une aventure inoubliable avec notre excursion en bateau (Speedboat) sur l&rsquo;\u00eele aux cochons. On vous emm\u00e8ne \u00e0 Koh Mudsum et Koh Tan, o\u00f9 vous d\u00e9couvrirez des \u00eeles paradisiaques inhabit\u00e9es. Profitez de la plong\u00e9e avec masque et tuba, balade en kayak et d&rsquo;un d\u00e9licieux d\u00e9jeuner. Le moment phare de cette excursion est la visite de [&hellip;]<\/p>\n","protected":false},"featured_media":3438,"comment_status":"open","ping_status":"closed","template":"","meta":[],"product_brand":[],"product_cat":[76],"product_tag":[],"class_list":{"0":"post-3567","1":"product","2":"type-product","3":"status-publish","4":"has-post-thumbnail","6":"product_cat-excursion-en-groupe","8":"first","9":"instock","10":"featured","11":"shipping-taxable","12":"purchasable","13":"product-type-simple"},"_links":{"self":[{"href":"https:\/\/www.pigisland.tours\/fr\/wp-json\/wp\/v2\/product\/3567","targetHints":{"allow":["GET"]}}],"collection":[{"href":"https:\/\/www.pigisland.tours\/fr\/wp-json\/wp\/v2\/product"}],"about":[{"href":"https:\/\/www.pigisland.tours\/fr\/wp-json\/wp\/v2\/types\/product"}],"replies":[{"embeddable":true,"href":"https:\/\/www.pigisland.tours\/fr\/wp-json\/wp\/v2\/comments?post=3567"}],"version-history":[{"count":3,"href":"https:\/\/www.pigisland.tours\/fr\/wp-json\/wp\/v2\/product\/3567\/revisions"}],"predecessor-version":[{"id":3612,"href":"https:\/\/www.pigisland.tours\/fr\/wp-json\/wp\/v2\/product\/3567\/revisions\/3612"}],"wp:featuredmedia":[{"embeddable":true,"href":"https:\/\/www.pigisland.tours\/fr\/wp-json\/wp\/v2\/media\/3438"}],"wp:attachment":[{"href":"https:\/\/www.pigisland.tours\/fr\/wp-json\/wp\/v2\/media?parent=3567"}],"wp:term":[{"taxonomy":"product_brand","embeddable":true,"href":"https:\/\/www.pigisland.tours\/fr\/wp-json\/wp\/v2\/product_brand?post=3567"},{"taxonomy":"product_cat","embeddable":true,"href":"https:\/\/www.pigisland.tours\/fr\/wp-json\/wp\/v2\/product_cat?post=3567"},{"taxonomy":"product_tag","embeddable":true,"href":"https:\/\/www.pigisland.tours\/fr\/wp-json\/wp\/v2\/product_tag?post=3567"}],"curies":[{"name":"wp","href":"https:\/\/api.w.org\/{rel}","templated":true}]}}