{"id":3566,"date":"2024-02-29T09:19:14","date_gmt":"2024-02-29T09:19:14","guid":{"rendered":"https:\/\/www.pigisland.tours\/excursion\/bateau-rapide-prive-koh-madsum-et-koh-tan\/"},"modified":"2026-03-01T07:55:25","modified_gmt":"2026-03-01T07:55:25","slug":"bateau-rapide-prive-koh-madsum-et-koh-tan","status":"publish","type":"product","link":"https:\/\/www.pigisland.tours\/fr\/excursion\/bateau-rapide-prive-koh-madsum-et-koh-tan\/","title":{"rendered":"Bateau priv\u00e9 (Speedboat) Koh Madsum et Koh Tan"},"content":{"rendered":"<p>Vivez une aventure exclusive d<strong>&lsquo; une demi-journ\u00e9e <\/strong> \u00e0 bord d&rsquo;un <strong>bateau priv\u00e9e (Speedboat)<\/strong> \u00e0 la d\u00e9couverte des \u00eeles tropicales du sud de Koh Samui. D\u00e9couvrez des spots de plong\u00e9e avec masque et tuba regorgeant de poissons tropicaux et de coraux dans les eaux cristallines et peu profondes de Koh Tan et Koh Mudsum, . Choisissez l&rsquo;heure de votre d\u00e9part, le <strong>matin ou l&rsquo;apr\u00e8s-midi<\/strong> pour cette <strong>excursion priv\u00e9e<\/strong>.<\/p>\n","protected":false},"excerpt":{"rendered":"<p>Vivez une aventure exclusive d&lsquo; une demi-journ\u00e9e \u00e0 bord d&rsquo;un bateau priv\u00e9e (Speedboat) \u00e0 la d\u00e9couverte des \u00eeles tropicales du sud de Koh Samui. D\u00e9couvrez des spots de plong\u00e9e avec masque et tuba regorgeant de poissons tropicaux et de coraux dans les eaux cristallines et peu profondes de Koh Tan et Koh Mudsum, . Choisissez [&hellip;]<\/p>\n","protected":false},"featured_media":3238,"comment_status":"open","ping_status":"closed","template":"","meta":[],"product_brand":[],"product_cat":[77],"product_tag":[],"class_list":{"0":"post-3566","1":"product","2":"type-product","3":"status-publish","4":"has-post-thumbnail","6":"product_cat-excursion-privee","8":"first","9":"instock","10":"featured","11":"shipping-taxable","12":"purchasable","13":"product-type-simple"},"_links":{"self":[{"href":"https:\/\/www.pigisland.tours\/fr\/wp-json\/wp\/v2\/product\/3566","targetHints":{"allow":["GET"]}}],"collection":[{"href":"https:\/\/www.pigisland.tours\/fr\/wp-json\/wp\/v2\/product"}],"about":[{"href":"https:\/\/www.pigisland.tours\/fr\/wp-json\/wp\/v2\/types\/product"}],"replies":[{"embeddable":true,"href":"https:\/\/www.pigisland.tours\/fr\/wp-json\/wp\/v2\/comments?post=3566"}],"version-history":[{"count":2,"href":"https:\/\/www.pigisland.tours\/fr\/wp-json\/wp\/v2\/product\/3566\/revisions"}],"predecessor-version":[{"id":3609,"href":"https:\/\/www.pigisland.tours\/fr\/wp-json\/wp\/v2\/product\/3566\/revisions\/3609"}],"wp:featuredmedia":[{"embeddable":true,"href":"https:\/\/www.pigisland.tours\/fr\/wp-json\/wp\/v2\/media\/3238"}],"wp:attachment":[{"href":"https:\/\/www.pigisland.tours\/fr\/wp-json\/wp\/v2\/media?parent=3566"}],"wp:term":[{"taxonomy":"product_brand","embeddable":true,"href":"https:\/\/www.pigisland.tours\/fr\/wp-json\/wp\/v2\/product_brand?post=3566"},{"taxonomy":"product_cat","embeddable":true,"href":"https:\/\/www.pigisland.tours\/fr\/wp-json\/wp\/v2\/product_cat?post=3566"},{"taxonomy":"product_tag","embeddable":true,"href":"https:\/\/www.pigisland.tours\/fr\/wp-json\/wp\/v2\/product_tag?post=3566"}],"curies":[{"name":"wp","href":"https:\/\/api.w.org\/{rel}","templated":true}]}}