{"id":3564,"date":"2024-02-29T09:23:41","date_gmt":"2024-02-29T09:23:41","guid":{"rendered":"https:\/\/www.pigisland.tours\/excursion\/bateau-prive-a-longue-queue-koh-madsum-koh-tan-et-koh-rap\/"},"modified":"2025-07-06T03:43:20","modified_gmt":"2025-07-06T03:43:20","slug":"bateau-prive-trois-iles-koh-madsum-koh-tan-et-koh-rap","status":"publish","type":"product","link":"https:\/\/www.pigisland.tours\/fr\/excursion\/bateau-prive-trois-iles-koh-madsum-koh-tan-et-koh-rap\/","title":{"rendered":"Bateau priv\u00e9 trois \u00eeles Koh Madsum, Koh Tan et Koh Rap"},"content":{"rendered":"<p>L&rsquo;une de nos meilleures excursions, <strong>visite priv\u00e9e en bateau \u00e0 longue queue des trois \u00eeles<\/strong> de l&rsquo;archipel de Samui,\u00a0 <strong>Koh Rap, Koh Tan et Koh Mudsum<\/strong>. Cette excursion d&rsquo;une demi-journ\u00e9e vous permettra de d\u00e9couvrir de superbes sites de plong\u00e9e avec masque et tuba et des plages isol\u00e9es. Faites de la plong\u00e9e avec masque et tuba ou d\u00e9tendez-vous dans les eaux chaudes et turquoise du golf de la Tha\u00eflande. Une excursion disponible le matin ou l&rsquo;apr\u00e8s-midi. R\u00e9servez d\u00e8s maintenant votre place pour cette exp\u00e9rience inoubliable !<\/p>\n","protected":false},"excerpt":{"rendered":"<p>L&rsquo;une de nos meilleures excursions, visite priv\u00e9e en bateau \u00e0 longue queue des trois \u00eeles de l&rsquo;archipel de Samui,\u00a0 Koh Rap, Koh Tan et Koh Mudsum. Cette excursion d&rsquo;une demi-journ\u00e9e vous permettra de d\u00e9couvrir de superbes sites de plong\u00e9e avec masque et tuba et des plages isol\u00e9es. Faites de la plong\u00e9e avec masque et tuba [&hellip;]<\/p>\n","protected":false},"featured_media":4071,"comment_status":"open","ping_status":"closed","template":"","meta":[],"product_brand":[],"product_cat":[77],"product_tag":[],"class_list":{"0":"post-3564","1":"product","2":"type-product","3":"status-publish","4":"has-post-thumbnail","6":"product_cat-excursion-privee","8":"first","9":"instock","10":"shipping-taxable","11":"purchasable","12":"product-type-simple"},"_links":{"self":[{"href":"https:\/\/www.pigisland.tours\/fr\/wp-json\/wp\/v2\/product\/3564","targetHints":{"allow":["GET"]}}],"collection":[{"href":"https:\/\/www.pigisland.tours\/fr\/wp-json\/wp\/v2\/product"}],"about":[{"href":"https:\/\/www.pigisland.tours\/fr\/wp-json\/wp\/v2\/types\/product"}],"replies":[{"embeddable":true,"href":"https:\/\/www.pigisland.tours\/fr\/wp-json\/wp\/v2\/comments?post=3564"}],"version-history":[{"count":4,"href":"https:\/\/www.pigisland.tours\/fr\/wp-json\/wp\/v2\/product\/3564\/revisions"}],"predecessor-version":[{"id":4277,"href":"https:\/\/www.pigisland.tours\/fr\/wp-json\/wp\/v2\/product\/3564\/revisions\/4277"}],"wp:featuredmedia":[{"embeddable":true,"href":"https:\/\/www.pigisland.tours\/fr\/wp-json\/wp\/v2\/media\/4071"}],"wp:attachment":[{"href":"https:\/\/www.pigisland.tours\/fr\/wp-json\/wp\/v2\/media?parent=3564"}],"wp:term":[{"taxonomy":"product_brand","embeddable":true,"href":"https:\/\/www.pigisland.tours\/fr\/wp-json\/wp\/v2\/product_brand?post=3564"},{"taxonomy":"product_cat","embeddable":true,"href":"https:\/\/www.pigisland.tours\/fr\/wp-json\/wp\/v2\/product_cat?post=3564"},{"taxonomy":"product_tag","embeddable":true,"href":"https:\/\/www.pigisland.tours\/fr\/wp-json\/wp\/v2\/product_tag?post=3564"}],"curies":[{"name":"wp","href":"https:\/\/api.w.org\/{rel}","templated":true}]}}