{"id":3560,"date":"2024-03-17T08:44:29","date_gmt":"2024-03-17T08:44:29","guid":{"rendered":"https:\/\/www.pigisland.tours\/excursion\/excursion-sur-lile-de-koh-rap-en-bateau-prive\/"},"modified":"2026-03-01T07:55:09","modified_gmt":"2026-03-01T07:55:09","slug":"excursion-sur-lile-de-koh-rap-en-bateau-prive","status":"publish","type":"product","link":"https:\/\/www.pigisland.tours\/fr\/excursion\/excursion-sur-lile-de-koh-rap-en-bateau-prive\/","title":{"rendered":"Excursion sur l&rsquo;\u00eele de Koh Rap en bateau priv\u00e9"},"content":{"rendered":"<p>Nich\u00e9e dans le golfe de Tha\u00eflande, l&rsquo;excursion sur l\u2019\u00eele de <strong data-start=\"44\" data-end=\"55\">Koh Rap<\/strong> enchante par ses plages de sable blanc immacul\u00e9, son eau turquoise et ses r\u00e9cifs coralliens pr\u00e9serv\u00e9s\u2014le tout loin du tumulte touristique. \u00c0 deux pas, les \u00eeles sauvages de <strong data-start=\"228\" data-end=\"242\">Koh Madsum<\/strong> et <strong data-start=\"246\" data-end=\"258\">Koh Taen<\/strong> compl\u00e8tent cette parenth\u00e8se tropicale unique. Ici, on dort sous les \u00e9toiles en tente, on savoure un barbecue les pieds dans le sable et on profite d\u2019un calme absolu. Pour prot\u00e9ger cet \u00e9cosyst\u00e8me fragile, l\u2019\u00eele bannit les bouteilles en plastique et r\u00e9gule la fr\u00e9quentation afin de pr\u00e9server son charme naturel.<\/p>\n","protected":false},"excerpt":{"rendered":"<p>Nich\u00e9e dans le golfe de Tha\u00eflande, l&rsquo;excursion sur l\u2019\u00eele de Koh Rap enchante par ses plages de sable blanc immacul\u00e9, son eau turquoise et ses r\u00e9cifs coralliens pr\u00e9serv\u00e9s\u2014le tout loin du tumulte touristique. \u00c0 deux pas, les \u00eeles sauvages de Koh Madsum et Koh Taen compl\u00e8tent cette parenth\u00e8se tropicale unique. Ici, on dort sous les [&hellip;]<\/p>\n","protected":false},"featured_media":4155,"comment_status":"open","ping_status":"closed","template":"","meta":[],"product_brand":[],"product_cat":[77],"product_tag":[],"class_list":{"0":"post-3560","1":"product","2":"type-product","3":"status-publish","4":"has-post-thumbnail","6":"product_cat-excursion-privee","8":"first","9":"instock","10":"shipping-taxable","11":"purchasable","12":"product-type-simple"},"_links":{"self":[{"href":"https:\/\/www.pigisland.tours\/fr\/wp-json\/wp\/v2\/product\/3560","targetHints":{"allow":["GET"]}}],"collection":[{"href":"https:\/\/www.pigisland.tours\/fr\/wp-json\/wp\/v2\/product"}],"about":[{"href":"https:\/\/www.pigisland.tours\/fr\/wp-json\/wp\/v2\/types\/product"}],"replies":[{"embeddable":true,"href":"https:\/\/www.pigisland.tours\/fr\/wp-json\/wp\/v2\/comments?post=3560"}],"version-history":[{"count":4,"href":"https:\/\/www.pigisland.tours\/fr\/wp-json\/wp\/v2\/product\/3560\/revisions"}],"predecessor-version":[{"id":3621,"href":"https:\/\/www.pigisland.tours\/fr\/wp-json\/wp\/v2\/product\/3560\/revisions\/3621"}],"wp:featuredmedia":[{"embeddable":true,"href":"https:\/\/www.pigisland.tours\/fr\/wp-json\/wp\/v2\/media\/4155"}],"wp:attachment":[{"href":"https:\/\/www.pigisland.tours\/fr\/wp-json\/wp\/v2\/media?parent=3560"}],"wp:term":[{"taxonomy":"product_brand","embeddable":true,"href":"https:\/\/www.pigisland.tours\/fr\/wp-json\/wp\/v2\/product_brand?post=3560"},{"taxonomy":"product_cat","embeddable":true,"href":"https:\/\/www.pigisland.tours\/fr\/wp-json\/wp\/v2\/product_cat?post=3560"},{"taxonomy":"product_tag","embeddable":true,"href":"https:\/\/www.pigisland.tours\/fr\/wp-json\/wp\/v2\/product_tag?post=3560"}],"curies":[{"name":"wp","href":"https:\/\/api.w.org\/{rel}","templated":true}]}}