{"id":3556,"date":"2024-02-29T09:43:12","date_gmt":"2024-02-29T09:43:12","guid":{"rendered":"https:\/\/www.pigisland.tours\/excursion\/safari-en-jet-ski-au-depart-de-koh-samui\/"},"modified":"2025-05-02T05:19:15","modified_gmt":"2025-05-02T05:19:15","slug":"safari-en-jet-ski-au-depart-de-koh-samui","status":"publish","type":"product","link":"https:\/\/www.pigisland.tours\/fr\/excursion\/safari-en-jet-ski-au-depart-de-koh-samui\/","title":{"rendered":"Safari en jet ski sur l&rsquo;\u00eele aux cochons"},"content":{"rendered":"<p>Embarquez pour un passionnant <strong>safari en jet ski de 4 heures<\/strong> qui vous m\u00e8nera vers les \u00eeles voisines de Koh Samui.Vous visiterez les<strong> \u00eeles<\/strong> isol\u00e9es<strong> de Koh Mudsum et Koh Taen<\/strong>. Ces \u00eeles tropicales offrent des plages magnifiques et des eaux claires, parfaites pour la plong\u00e9e avec masque et tuba ou simplement pour s&rsquo;y baigner .Cette excursion convient \u00e0 tous les \u00e2ges et comprend un passager.<\/p>\n","protected":false},"excerpt":{"rendered":"<p>Embarquez pour un passionnant safari en jet ski de 4 heures qui vous m\u00e8nera vers les \u00eeles voisines de Koh Samui.Vous visiterez les \u00eeles isol\u00e9es de Koh Mudsum et Koh Taen. Ces \u00eeles tropicales offrent des plages magnifiques et des eaux claires, parfaites pour la plong\u00e9e avec masque et tuba ou simplement pour s&rsquo;y baigner [&hellip;]<\/p>\n","protected":false},"featured_media":2373,"comment_status":"open","ping_status":"closed","template":"","meta":[],"product_brand":[],"product_cat":[76],"product_tag":[],"class_list":{"0":"post-3556","1":"product","2":"type-product","3":"status-publish","4":"has-post-thumbnail","6":"product_cat-excursion-en-groupe","8":"first","9":"instock","10":"shipping-taxable","11":"purchasable","12":"product-type-simple"},"_links":{"self":[{"href":"https:\/\/www.pigisland.tours\/fr\/wp-json\/wp\/v2\/product\/3556","targetHints":{"allow":["GET"]}}],"collection":[{"href":"https:\/\/www.pigisland.tours\/fr\/wp-json\/wp\/v2\/product"}],"about":[{"href":"https:\/\/www.pigisland.tours\/fr\/wp-json\/wp\/v2\/types\/product"}],"replies":[{"embeddable":true,"href":"https:\/\/www.pigisland.tours\/fr\/wp-json\/wp\/v2\/comments?post=3556"}],"version-history":[{"count":5,"href":"https:\/\/www.pigisland.tours\/fr\/wp-json\/wp\/v2\/product\/3556\/revisions"}],"predecessor-version":[{"id":3623,"href":"https:\/\/www.pigisland.tours\/fr\/wp-json\/wp\/v2\/product\/3556\/revisions\/3623"}],"wp:featuredmedia":[{"embeddable":true,"href":"https:\/\/www.pigisland.tours\/fr\/wp-json\/wp\/v2\/media\/2373"}],"wp:attachment":[{"href":"https:\/\/www.pigisland.tours\/fr\/wp-json\/wp\/v2\/media?parent=3556"}],"wp:term":[{"taxonomy":"product_brand","embeddable":true,"href":"https:\/\/www.pigisland.tours\/fr\/wp-json\/wp\/v2\/product_brand?post=3556"},{"taxonomy":"product_cat","embeddable":true,"href":"https:\/\/www.pigisland.tours\/fr\/wp-json\/wp\/v2\/product_cat?post=3556"},{"taxonomy":"product_tag","embeddable":true,"href":"https:\/\/www.pigisland.tours\/fr\/wp-json\/wp\/v2\/product_tag?post=3556"}],"curies":[{"name":"wp","href":"https:\/\/api.w.org\/{rel}","templated":true}]}}